{"id":108,"date":"2024-06-11T11:00:06","date_gmt":"2024-06-11T09:00:06","guid":{"rendered":"https:\/\/www.ferienwohnungen-garmischpartenkirchen.de\/?page_id=108"},"modified":"2025-09-26T08:55:39","modified_gmt":"2025-09-26T06:55:39","slug":"impressum","status":"publish","type":"page","link":"https:\/\/www.ferienwohnungen-garmischpartenkirchen.de\/de\/impressum\/","title":{"rendered":"Impressum"},"content":{"rendered":"\t\t<div data-elementor-type=\"wp-page\" data-elementor-id=\"108\" class=\"elementor elementor-108\" data-elementor-post-type=\"page\">\n\t\t\t\t<div class=\"elementor-element elementor-element-0042d9b e-con-full e-flex e-con e-parent\" data-id=\"0042d9b\" data-element_type=\"container\">\n\t\t\t\t<div class=\"elementor-element elementor-element-761eff4 elementor-widget elementor-widget-template\" data-id=\"761eff4\" data-element_type=\"widget\" data-widget_type=\"template.default\">\n\t\t\t\t<div class=\"elementor-widget-container\">\n\t\t\t\t\t\t\t<div class=\"elementor-template\">\n\t\t\t\t\t<div data-elementor-type=\"container\" data-elementor-id=\"70\" class=\"elementor elementor-70\" data-elementor-post-type=\"elementor_library\">\n\t\t\t\t<div class=\"elementor-element elementor-element-1a03abe3 e-flex e-con-boxed e-con e-parent\" data-id=\"1a03abe3\" data-element_type=\"container\" data-settings=\"{&quot;background_background&quot;:&quot;classic&quot;}\">\n\t\t\t\t\t<div class=\"e-con-inner\">\n\t\t\t\t\t<\/div>\n\t\t\t\t<\/div>\n\t\t\t\t<\/div>\n\t\t\t\t<\/div>\n\t\t\t\t\t\t<\/div>\n\t\t\t\t<\/div>\n\t\t\t\t<\/div>\n\t\t<div class=\"elementor-element elementor-element-00d6ffb link e-flex e-con-boxed e-con e-parent\" data-id=\"00d6ffb\" data-element_type=\"container\">\n\t\t\t\t\t<div class=\"e-con-inner\">\n\t\t\t\t<div class=\"elementor-element elementor-element-6778db2 elementor-widget__width-inherit elementor-widget elementor-widget-heading\" data-id=\"6778db2\" data-element_type=\"widget\" data-widget_type=\"heading.default\">\n\t\t\t\t<div class=\"elementor-widget-container\">\n\t\t\t\t\t<h5 class=\"elementor-heading-title elementor-size-default\">Mahr\u00b4s | Fewo-Vermittlung\n<\/h5>\t\t\t\t<\/div>\n\t\t\t\t<\/div>\n\t\t\t\t<div class=\"elementor-element elementor-element-db99909 elementor-widget__width-inherit elementor-widget elementor-widget-text-editor\" data-id=\"db99909\" data-element_type=\"widget\" data-widget_type=\"text-editor.default\">\n\t\t\t\t<div class=\"elementor-widget-container\">\n\t\t\t\t\t\t\t\t\t<p>Amselstra\u00dfe 11<br \/>82467 Garmisch-Partenkirchen<\/p><p>Telefon: 08821-943 9474<br \/>Telefax: 08821-61588<\/p><p>E-Mail:\u00a0<a href=\"mailto:info@fewo-garmisch.de\">info@fewo-garmisch.de<\/a><br \/>Internet:\u00a0<a href=\"http:\/\/www.ferienwohnungen-garmischpartenkirchen.de\/\">www.ferienwohnungen-garmischpartenkirchen.de<\/a><\/p><p>Wir sind f\u00fcr Sie Montags bis Samstag von 9:00 bis 17:00 Uhr\u00a0 f\u00fcr Sie da.<br \/>Zwischen 17:00 Uhr und 22:00 Uhr sind wir auf der Notrufnummer telefonisch erreichbar f\u00fcr unsere G\u00e4ste vor Ort.<br \/>Oder schreiben Sie uns! Nutzen Sie unser\u00a0<a href=\"https:\/\/www.ferienwohnungen-garmischpartenkirchen.de\/kontakt\">Kontaktformular<\/a>, wir setzen uns umgehend mit Ihnen in Verbindung.<\/p>\t\t\t\t\t\t\t\t<\/div>\n\t\t\t\t<\/div>\n\t\t\t\t<div class=\"elementor-element elementor-element-3c25c70 elementor-widget__width-inherit elementor-widget elementor-widget-heading\" data-id=\"3c25c70\" data-element_type=\"widget\" data-widget_type=\"heading.default\">\n\t\t\t\t<div class=\"elementor-widget-container\">\n\t\t\t\t\t<h5 class=\"elementor-heading-title elementor-size-default\">Mahr GmbH<\/h5>\t\t\t\t<\/div>\n\t\t\t\t<\/div>\n\t\t\t\t<div class=\"elementor-element elementor-element-ab12589 elementor-widget__width-inherit elementor-widget elementor-widget-text-editor\" data-id=\"ab12589\" data-element_type=\"widget\" data-widget_type=\"text-editor.default\">\n\t\t\t\t<div class=\"elementor-widget-container\">\n\t\t\t\t\t\t\t\t\t<p>Amselstra\u00dfe 11, 82467 Garmisch-Partenkirchen<br \/>Vertreten durch: Thomas Mahr<br \/>Registergericht: M\u00fcnchen<br \/>Registernummer: HRB 70841<br \/>Umsatzsteuer-ID: DE128370686<\/p>\t\t\t\t\t\t\t\t<\/div>\n\t\t\t\t<\/div>\n\t\t\t\t<div class=\"elementor-element elementor-element-201bfb6 elementor-widget__width-inherit elementor-widget elementor-widget-heading\" data-id=\"201bfb6\" data-element_type=\"widget\" data-widget_type=\"heading.default\">\n\t\t\t\t<div class=\"elementor-widget-container\">\n\t\t\t\t\t<h5 class=\"elementor-heading-title elementor-size-default\">Verantwortlich f\u00fcr den Inhalt nach \u00a7 55 Abs. 2 RStV:<\/h5>\t\t\t\t<\/div>\n\t\t\t\t<\/div>\n\t\t\t\t<div class=\"elementor-element elementor-element-b06b947 elementor-widget__width-inherit elementor-widget elementor-widget-text-editor\" data-id=\"b06b947\" data-element_type=\"widget\" data-widget_type=\"text-editor.default\">\n\t\t\t\t<div class=\"elementor-widget-container\">\n\t\t\t\t\t\t\t\t\t<p>Aktuelles: Thomas Mahr<br \/>Amselstra\u00dfe 11, D-82467 Garmisch-Partenkirchen<\/p>\t\t\t\t\t\t\t\t<\/div>\n\t\t\t\t<\/div>\n\t\t\t\t<div class=\"elementor-element elementor-element-66a68be elementor-widget__width-inherit elementor-widget elementor-widget-heading\" data-id=\"66a68be\" data-element_type=\"widget\" data-widget_type=\"heading.default\">\n\t\t\t\t<div class=\"elementor-widget-container\">\n\t\t\t\t\t<h5 class=\"elementor-heading-title elementor-size-default\">\u00a9 2024 Mahr GmbH<\/h5>\t\t\t\t<\/div>\n\t\t\t\t<\/div>\n\t\t\t\t<div class=\"elementor-element elementor-element-e361826 elementor-widget__width-inherit elementor-widget elementor-widget-text-editor\" data-id=\"e361826\" data-element_type=\"widget\" data-widget_type=\"text-editor.default\">\n\t\t\t\t<div class=\"elementor-widget-container\">\n\t\t\t\t\t\t\t\t\t<p>Alle Rechte vorbehalten<br \/>Die auf diesem Server bereitgestellten Informationen, Layouts und Gestaltungselemente sind an das Urheberrecht gebunden. Ohne die schriftliche Genehmigung durch die Mahr GmbH ist es untersagt, Inhalte dieses WWW-Servers teilweise oder komplett zu vervielf\u00e4ltigen oder auf andere Art zu verwenden.<\/p>\t\t\t\t\t\t\t\t<\/div>\n\t\t\t\t<\/div>\n\t\t\t\t<div class=\"elementor-element elementor-element-8b94b61 elementor-widget__width-inherit elementor-widget elementor-widget-heading\" data-id=\"8b94b61\" data-element_type=\"widget\" data-widget_type=\"heading.default\">\n\t\t\t\t<div class=\"elementor-widget-container\">\n\t\t\t\t\t<h5 class=\"elementor-heading-title elementor-size-default\">Link zur Plattform der EU-Kommission zur Online-Streitbeilegung <\/h5>\t\t\t\t<\/div>\n\t\t\t\t<\/div>\n\t\t\t\t<div class=\"elementor-element elementor-element-0a91d6c elementor-widget__width-inherit elementor-widget elementor-widget-text-editor\" data-id=\"0a91d6c\" data-element_type=\"widget\" data-widget_type=\"text-editor.default\">\n\t\t\t\t<div class=\"elementor-widget-container\">\n\t\t\t\t\t\t\t\t\t<p>Wir nehmen an der online Streitbeilegung nicht teil.<strong><br \/><\/strong><a href=\"http:\/\/www.ec.europa.eu\/consumers\/odr\" target=\"_blank\" rel=\"noopener\">www.ec.europa.eu\/consumers\/odr<\/a><\/p>\t\t\t\t\t\t\t\t<\/div>\n\t\t\t\t<\/div>\n\t\t\t\t<div class=\"elementor-element elementor-element-1f1b673 elementor-widget__width-inherit elementor-widget elementor-widget-heading\" data-id=\"1f1b673\" data-element_type=\"widget\" data-widget_type=\"heading.default\">\n\t\t\t\t<div class=\"elementor-widget-container\">\n\t\t\t\t\t<h5 class=\"elementor-heading-title elementor-size-default\">Warenzeichen<\/h5>\t\t\t\t<\/div>\n\t\t\t\t<\/div>\n\t\t\t\t<div class=\"elementor-element elementor-element-712888c elementor-widget__width-inherit elementor-widget elementor-widget-text-editor\" data-id=\"712888c\" data-element_type=\"widget\" data-widget_type=\"text-editor.default\">\n\t\t\t\t<div class=\"elementor-widget-container\">\n\t\t\t\t\t\t\t\t\t<p>Alle erw\u00e4hnten Markenrechte stehen dem jeweiligen Rechtsinhaber zu.<br \/>Fotolia: \u00a9 Andreas Spreng<br \/><strong>Fotos:<\/strong>\u00a0<a href=\"http:\/\/www.xn--nhmeier-fotografie-d3b.de\/\" target=\"_blank\" rel=\"noopener\">\u00a9 Emanuel N\u00f6hmeier<br \/><\/a><strong>Fotos:<\/strong>\u00a0<a href=\"http:\/\/www.marcfoto.de\/\" target=\"_blank\" rel=\"noopener\">\u00a9 Marc Gilsdorf<\/a><\/p>\t\t\t\t\t\t\t\t<\/div>\n\t\t\t\t<\/div>\n\t\t\t\t<div class=\"elementor-element elementor-element-cab8c14 elementor-widget__width-inherit elementor-widget elementor-widget-heading\" data-id=\"cab8c14\" data-element_type=\"widget\" data-widget_type=\"heading.default\">\n\t\t\t\t<div class=\"elementor-widget-container\">\n\t\t\t\t\t<h5 class=\"elementor-heading-title elementor-size-default\">Haftungshinweis<\/h5>\t\t\t\t<\/div>\n\t\t\t\t<\/div>\n\t\t\t\t<div class=\"elementor-element elementor-element-e9c038a elementor-widget__width-inherit elementor-widget elementor-widget-text-editor\" data-id=\"e9c038a\" data-element_type=\"widget\" data-widget_type=\"text-editor.default\">\n\t\t\t\t<div class=\"elementor-widget-container\">\n\t\t\t\t\t\t\t\t\t<p>S\u00e4mtliche Informationen und Angaben wurden sorgf\u00e4ltig recherchiert und aufbereitet. Die Mahr GmbH \u00fcbernimmt jedoch keine Garantie f\u00fcr die Korrektheit und Vollst\u00e4ndigkeit der Informationen. F\u00fcr jeglichen Schaden, der direkt oder indirekt in Zusammenhang mit der Nutzung, dem Missbrauch oder der Funktionalit\u00e4t dieses WWW-Servers oder der darin angebotenen Informationen steht, \u00fcbernimmt die Mahr GmbH keinerlei Haftung. Verweise auf andere Internet-Auftritte sind nicht als Empfehlung f\u00fcr das jeweilige Unternehmen, dessen Produkte oder Dienstleistungen zu verstehen.<\/p>\t\t\t\t\t\t\t\t<\/div>\n\t\t\t\t<\/div>\n\t\t\t\t<div class=\"elementor-element elementor-element-596e80f elementor-widget__width-inherit elementor-widget elementor-widget-heading\" data-id=\"596e80f\" data-element_type=\"widget\" data-widget_type=\"heading.default\">\n\t\t\t\t<div class=\"elementor-widget-container\">\n\t\t\t\t\t<h5 class=\"elementor-heading-title elementor-size-default\">Konzeption, Gestaltung &amp; Programmierung<\/h5>\t\t\t\t<\/div>\n\t\t\t\t<\/div>\n\t\t\t\t<div class=\"elementor-element elementor-element-a33ff02 elementor-widget__width-inherit elementor-widget elementor-widget-text-editor\" data-id=\"a33ff02\" data-element_type=\"widget\" data-widget_type=\"text-editor.default\">\n\t\t\t\t<div class=\"elementor-widget-container\">\n\t\t\t\t\t\t\t\t\t<p>be-on! GmbH<br \/>Natruper Str. 24\u00a0<br \/>49076 Osnabr\u00fcck<br \/>Telefon:\u00a0<a href=\"tel:+495415079720\">+49 541 507 972 &#8211; 0<\/a><br \/><a href=\"https:\/\/be-on.de\/\">be-on.de<\/a><\/p>\t\t\t\t\t\t\t\t<\/div>\n\t\t\t\t<\/div>\n\t\t\t\t<div class=\"elementor-element elementor-element-5005008 elementor-widget__width-inherit elementor-widget elementor-widget-heading\" data-id=\"5005008\" data-element_type=\"widget\" data-widget_type=\"heading.default\">\n\t\t\t\t<div class=\"elementor-widget-container\">\n\t\t\t\t\t<h5 class=\"elementor-heading-title elementor-size-default\">Buchungssoftware \/ PMS<\/h5>\t\t\t\t<\/div>\n\t\t\t\t<\/div>\n\t\t\t\t<div class=\"elementor-element elementor-element-06cc6d3 elementor-widget__width-inherit elementor-widget elementor-widget-text-editor\" data-id=\"06cc6d3\" data-element_type=\"widget\" data-widget_type=\"text-editor.default\">\n\t\t\t\t<div class=\"elementor-widget-container\">\n\t\t\t\t\t\t\t\t\t<p>vOffice GmbH<br \/>Untere Querstra\u00dfe 3<br \/>23730 Neustadt\/Holstein<br \/><a href=\"https:\/\/www.v-office.com\/\">v-office.com<\/a><\/p>\t\t\t\t\t\t\t\t<\/div>\n\t\t\t\t<\/div>\n\t\t\t\t<div class=\"elementor-element elementor-element-25c52a1 elementor-widget__width-inherit elementor-widget elementor-widget-heading\" data-id=\"25c52a1\" data-element_type=\"widget\" data-widget_type=\"heading.default\">\n\t\t\t\t<div class=\"elementor-widget-container\">\n\t\t\t\t\t<h5 class=\"elementor-heading-title elementor-size-default\">Beschwerdestelle bei Streitigkeiten mit  Versicherungsvermittlern:<\/h5>\t\t\t\t<\/div>\n\t\t\t\t<\/div>\n\t\t\t\t<div class=\"elementor-element elementor-element-285aa37 elementor-widget__width-inherit elementor-widget elementor-widget-text-editor\" data-id=\"285aa37\" data-element_type=\"widget\" data-widget_type=\"text-editor.default\">\n\t\t\t\t<div class=\"elementor-widget-container\">\n\t\t\t\t\t\t\t\t\t<p>Versicherungsombudsmann e.V.<br \/>Postfach 08 06 32,10006 Berlin<br \/><a href=\"http:\/\/www.versicherungsombudsmann.de\/\" target=\"_blank\" rel=\"noopener\">www.versicherungsombudsmann.de<\/a><\/p>\t\t\t\t\t\t\t\t<\/div>\n\t\t\t\t<\/div>\n\t\t\t\t\t<\/div>\n\t\t\t\t<\/div>\n\t\t\t\t<\/div>\n\t\t","protected":false},"excerpt":{"rendered":"<p>Mahr\u00b4s | Fewo-Vermittlung Amselstra\u00dfe 1182467 Garmisch-Partenkirchen Telefon: 08821-943 9474Telefax: 08821-61588 E-Mail:\u00a0info@fewo-garmisch.deInternet:\u00a0www.ferienwohnungen-garmischpartenkirchen.de Wir sind f\u00fcr Sie Montags bis Samstag von 9:00 bis 17:00 Uhr\u00a0 f\u00fcr Sie da.Zwischen 17:00 Uhr und 22:00 Uhr sind wir auf der Notrufnummer telefonisch erreichbar f\u00fcr unsere G\u00e4ste vor Ort.Oder schreiben Sie uns! Nutzen Sie unser\u00a0Kontaktformular, wir setzen uns umgehend mit Ihnen [&hellip;]<\/p>\n","protected":false},"author":1,"featured_media":0,"parent":0,"menu_order":0,"comment_status":"closed","ping_status":"closed","template":"","meta":{"_acf_changed":false,"footnotes":""},"seitenarte":[],"class_list":["post-108","page","type-page","status-publish","hentry"],"acf":[],"yoast_head":"<!-- This site is optimized with the Yoast SEO plugin v26.6 - https:\/\/yoast.com\/wordpress\/plugins\/seo\/ -->\n<title>Impressum - Mahr GmbH<\/title>\n<meta name=\"robots\" content=\"index, follow, max-snippet:-1, max-image-preview:large, max-video-preview:-1\" \/>\n<link rel=\"canonical\" href=\"https:\/\/www.ferienwohnungen-garmischpartenkirchen.de\/de\/impressum\/\" \/>\n<meta property=\"og:locale\" content=\"de_DE\" \/>\n<meta property=\"og:type\" content=\"article\" \/>\n<meta property=\"og:title\" content=\"Impressum - Mahr GmbH\" \/>\n<meta property=\"og:description\" content=\"Mahr\u00b4s | Fewo-Vermittlung Amselstra\u00dfe 1182467 Garmisch-Partenkirchen Telefon: 08821-943 9474Telefax: 08821-61588 E-Mail:\u00a0info@fewo-garmisch.deInternet:\u00a0www.ferienwohnungen-garmischpartenkirchen.de Wir sind f\u00fcr Sie Montags bis Samstag von 9:00 bis 17:00 Uhr\u00a0 f\u00fcr Sie da.Zwischen 17:00 Uhr und 22:00 Uhr sind wir auf der Notrufnummer telefonisch erreichbar f\u00fcr unsere G\u00e4ste vor Ort.Oder schreiben Sie uns! Nutzen Sie unser\u00a0Kontaktformular, wir setzen uns umgehend mit Ihnen [&hellip;]\" \/>\n<meta property=\"og:url\" content=\"https:\/\/www.ferienwohnungen-garmischpartenkirchen.de\/de\/impressum\/\" \/>\n<meta property=\"og:site_name\" content=\"Mahr GmbH\" \/>\n<meta property=\"article:modified_time\" content=\"2025-09-26T06:55:39+00:00\" \/>\n<meta name=\"twitter:card\" content=\"summary_large_image\" \/>\n<meta name=\"twitter:label1\" content=\"Gesch\u00e4tzte Lesezeit\" \/>\n\t<meta name=\"twitter:data1\" content=\"2\u00a0Minuten\" \/>\n<script type=\"application\/ld+json\" class=\"yoast-schema-graph\">{\"@context\":\"https:\/\/schema.org\",\"@graph\":[{\"@type\":\"WebPage\",\"@id\":\"https:\/\/www.ferienwohnungen-garmischpartenkirchen.de\/de\/impressum\/\",\"url\":\"https:\/\/www.ferienwohnungen-garmischpartenkirchen.de\/de\/impressum\/\",\"name\":\"Impressum - Mahr GmbH\",\"isPartOf\":{\"@id\":\"https:\/\/www.ferienwohnungen-garmischpartenkirchen.de\/de\/#website\"},\"datePublished\":\"2024-06-11T09:00:06+00:00\",\"dateModified\":\"2025-09-26T06:55:39+00:00\",\"breadcrumb\":{\"@id\":\"https:\/\/www.ferienwohnungen-garmischpartenkirchen.de\/de\/impressum\/#breadcrumb\"},\"inLanguage\":\"de\",\"potentialAction\":[{\"@type\":\"ReadAction\",\"target\":[\"https:\/\/www.ferienwohnungen-garmischpartenkirchen.de\/de\/impressum\/\"]}]},{\"@type\":\"BreadcrumbList\",\"@id\":\"https:\/\/www.ferienwohnungen-garmischpartenkirchen.de\/de\/impressum\/#breadcrumb\",\"itemListElement\":[{\"@type\":\"ListItem\",\"position\":1,\"name\":\"Startseite\",\"item\":\"https:\/\/www.ferienwohnungen-garmischpartenkirchen.de\/de\/\"},{\"@type\":\"ListItem\",\"position\":2,\"name\":\"Impressum\"}]},{\"@type\":\"WebSite\",\"@id\":\"https:\/\/www.ferienwohnungen-garmischpartenkirchen.de\/de\/#website\",\"url\":\"https:\/\/www.ferienwohnungen-garmischpartenkirchen.de\/de\/\",\"name\":\"Mahr GmbH\",\"description\":\"\",\"publisher\":{\"@id\":\"https:\/\/www.ferienwohnungen-garmischpartenkirchen.de\/de\/#organization\"},\"potentialAction\":[{\"@type\":\"SearchAction\",\"target\":{\"@type\":\"EntryPoint\",\"urlTemplate\":\"https:\/\/www.ferienwohnungen-garmischpartenkirchen.de\/de\/?s={search_term_string}\"},\"query-input\":{\"@type\":\"PropertyValueSpecification\",\"valueRequired\":true,\"valueName\":\"search_term_string\"}}],\"inLanguage\":\"de\"},{\"@type\":\"Organization\",\"@id\":\"https:\/\/www.ferienwohnungen-garmischpartenkirchen.de\/de\/#organization\",\"name\":\"Mahr GmbH\",\"url\":\"https:\/\/www.ferienwohnungen-garmischpartenkirchen.de\/de\/\",\"logo\":{\"@type\":\"ImageObject\",\"inLanguage\":\"de\",\"@id\":\"https:\/\/www.ferienwohnungen-garmischpartenkirchen.de\/de\/#\/schema\/logo\/image\/\",\"url\":\"https:\/\/www.ferienwohnungen-garmischpartenkirchen.de\/wp-content\/uploads\/2024\/06\/Wortbildmarke_Negativ-1024x253-1.png\",\"contentUrl\":\"https:\/\/www.ferienwohnungen-garmischpartenkirchen.de\/wp-content\/uploads\/2024\/06\/Wortbildmarke_Negativ-1024x253-1.png\",\"width\":1024,\"height\":253,\"caption\":\"Mahr GmbH\"},\"image\":{\"@id\":\"https:\/\/www.ferienwohnungen-garmischpartenkirchen.de\/de\/#\/schema\/logo\/image\/\"}}]}<\/script>\n<!-- \/ Yoast SEO plugin. -->","yoast_head_json":{"title":"Impressum - Mahr GmbH","robots":{"index":"index","follow":"follow","max-snippet":"max-snippet:-1","max-image-preview":"max-image-preview:large","max-video-preview":"max-video-preview:-1"},"canonical":"https:\/\/www.ferienwohnungen-garmischpartenkirchen.de\/de\/impressum\/","og_locale":"de_DE","og_type":"article","og_title":"Impressum - Mahr GmbH","og_description":"Mahr\u00b4s | Fewo-Vermittlung Amselstra\u00dfe 1182467 Garmisch-Partenkirchen Telefon: 08821-943 9474Telefax: 08821-61588 E-Mail:\u00a0info@fewo-garmisch.deInternet:\u00a0www.ferienwohnungen-garmischpartenkirchen.de Wir sind f\u00fcr Sie Montags bis Samstag von 9:00 bis 17:00 Uhr\u00a0 f\u00fcr Sie da.Zwischen 17:00 Uhr und 22:00 Uhr sind wir auf der Notrufnummer telefonisch erreichbar f\u00fcr unsere G\u00e4ste vor Ort.Oder schreiben Sie uns! Nutzen Sie unser\u00a0Kontaktformular, wir setzen uns umgehend mit Ihnen [&hellip;]","og_url":"https:\/\/www.ferienwohnungen-garmischpartenkirchen.de\/de\/impressum\/","og_site_name":"Mahr GmbH","article_modified_time":"2025-09-26T06:55:39+00:00","twitter_card":"summary_large_image","twitter_misc":{"Gesch\u00e4tzte Lesezeit":"2\u00a0Minuten"},"schema":{"@context":"https:\/\/schema.org","@graph":[{"@type":"WebPage","@id":"https:\/\/www.ferienwohnungen-garmischpartenkirchen.de\/de\/impressum\/","url":"https:\/\/www.ferienwohnungen-garmischpartenkirchen.de\/de\/impressum\/","name":"Impressum - Mahr GmbH","isPartOf":{"@id":"https:\/\/www.ferienwohnungen-garmischpartenkirchen.de\/de\/#website"},"datePublished":"2024-06-11T09:00:06+00:00","dateModified":"2025-09-26T06:55:39+00:00","breadcrumb":{"@id":"https:\/\/www.ferienwohnungen-garmischpartenkirchen.de\/de\/impressum\/#breadcrumb"},"inLanguage":"de","potentialAction":[{"@type":"ReadAction","target":["https:\/\/www.ferienwohnungen-garmischpartenkirchen.de\/de\/impressum\/"]}]},{"@type":"BreadcrumbList","@id":"https:\/\/www.ferienwohnungen-garmischpartenkirchen.de\/de\/impressum\/#breadcrumb","itemListElement":[{"@type":"ListItem","position":1,"name":"Startseite","item":"https:\/\/www.ferienwohnungen-garmischpartenkirchen.de\/de\/"},{"@type":"ListItem","position":2,"name":"Impressum"}]},{"@type":"WebSite","@id":"https:\/\/www.ferienwohnungen-garmischpartenkirchen.de\/de\/#website","url":"https:\/\/www.ferienwohnungen-garmischpartenkirchen.de\/de\/","name":"Mahr GmbH","description":"","publisher":{"@id":"https:\/\/www.ferienwohnungen-garmischpartenkirchen.de\/de\/#organization"},"potentialAction":[{"@type":"SearchAction","target":{"@type":"EntryPoint","urlTemplate":"https:\/\/www.ferienwohnungen-garmischpartenkirchen.de\/de\/?s={search_term_string}"},"query-input":{"@type":"PropertyValueSpecification","valueRequired":true,"valueName":"search_term_string"}}],"inLanguage":"de"},{"@type":"Organization","@id":"https:\/\/www.ferienwohnungen-garmischpartenkirchen.de\/de\/#organization","name":"Mahr GmbH","url":"https:\/\/www.ferienwohnungen-garmischpartenkirchen.de\/de\/","logo":{"@type":"ImageObject","inLanguage":"de","@id":"https:\/\/www.ferienwohnungen-garmischpartenkirchen.de\/de\/#\/schema\/logo\/image\/","url":"https:\/\/www.ferienwohnungen-garmischpartenkirchen.de\/wp-content\/uploads\/2024\/06\/Wortbildmarke_Negativ-1024x253-1.png","contentUrl":"https:\/\/www.ferienwohnungen-garmischpartenkirchen.de\/wp-content\/uploads\/2024\/06\/Wortbildmarke_Negativ-1024x253-1.png","width":1024,"height":253,"caption":"Mahr GmbH"},"image":{"@id":"https:\/\/www.ferienwohnungen-garmischpartenkirchen.de\/de\/#\/schema\/logo\/image\/"}}]}},"_links":{"self":[{"href":"https:\/\/www.ferienwohnungen-garmischpartenkirchen.de\/de\/wp-json\/wp\/v2\/pages\/108","targetHints":{"allow":["GET"]}}],"collection":[{"href":"https:\/\/www.ferienwohnungen-garmischpartenkirchen.de\/de\/wp-json\/wp\/v2\/pages"}],"about":[{"href":"https:\/\/www.ferienwohnungen-garmischpartenkirchen.de\/de\/wp-json\/wp\/v2\/types\/page"}],"author":[{"embeddable":true,"href":"https:\/\/www.ferienwohnungen-garmischpartenkirchen.de\/de\/wp-json\/wp\/v2\/users\/1"}],"replies":[{"embeddable":true,"href":"https:\/\/www.ferienwohnungen-garmischpartenkirchen.de\/de\/wp-json\/wp\/v2\/comments?post=108"}],"version-history":[{"count":34,"href":"https:\/\/www.ferienwohnungen-garmischpartenkirchen.de\/de\/wp-json\/wp\/v2\/pages\/108\/revisions"}],"predecessor-version":[{"id":15116,"href":"https:\/\/www.ferienwohnungen-garmischpartenkirchen.de\/de\/wp-json\/wp\/v2\/pages\/108\/revisions\/15116"}],"wp:attachment":[{"href":"https:\/\/www.ferienwohnungen-garmischpartenkirchen.de\/de\/wp-json\/wp\/v2\/media?parent=108"}],"wp:term":[{"taxonomy":"seitenarte","embeddable":true,"href":"https:\/\/www.ferienwohnungen-garmischpartenkirchen.de\/de\/wp-json\/wp\/v2\/seitenarte?post=108"}],"curies":[{"name":"wp","href":"https:\/\/api.w.org\/{rel}","templated":true}]}}